{"id":372,"date":"2023-08-16T05:32:16","date_gmt":"2023-08-16T03:32:16","guid":{"rendered":"https:\/\/imrus.synology.me\/fraudsters\/?page_id=372"},"modified":"2024-11-10T11:48:54","modified_gmt":"2024-11-10T09:48:54","slug":"honnan-lehet-tudni-hogy-csalo","status":"publish","type":"page","link":"https:\/\/imrus.synology.me\/fraudsters\/honnan-lehet-tudni-hogy-csalo\/","title":{"rendered":"Honnan lehet tudni hogy csal\u00f3?"},"content":{"rendered":"<p>A csal\u00f3k csapata megkapja a feladatot: kell egy oldal&#8230;<\/p>\n<p><a href=\"http:\/\/imrus.synology.me\/fraudsters\/wp-content\/uploads\/2023\/08\/2023-01-04_192309.jpg\"><img loading=\"lazy\" decoding=\"async\" class=\"alignnone wp-image-115 size-full\" src=\"http:\/\/imrus.synology.me\/fraudsters\/wp-content\/uploads\/2023\/08\/2023-01-04_192309.jpg\" alt=\"\" width=\"337\" height=\"53\" \/><\/a><\/p>\n<p>Az oldal elk\u00e9sz\u00fcl 2022. 08. 17.-\u00e9n. Gyorsan be\u00e1ll\u00edtanak ezt-azt. Telefonsz\u00e1m, email c\u00edm, stb, csak hogy hihet\u0151bb legyen. Azt\u00e1n feldobnak n\u00e9h\u00e1ny f\u00e9nyk\u00e9pet kamub\u00f3l.<\/p>\n<figure id=\"attachment_116\" aria-describedby=\"caption-attachment-116\" style=\"width: 496px\" class=\"wp-caption alignnone\"><a href=\"http:\/\/imrus.synology.me\/fraudsters\/wp-content\/uploads\/2023\/08\/2023-01-04_192328.jpg\"><img loading=\"lazy\" decoding=\"async\" class=\"wp-image-116 size-full\" src=\"http:\/\/imrus.synology.me\/fraudsters\/wp-content\/uploads\/2023\/08\/2023-01-04_192328.jpg\" alt=\"\" width=\"496\" height=\"294\" \/><\/a><figcaption id=\"caption-attachment-116\" class=\"wp-caption-text\">Tal\u00e1lomra k\u00e9t k\u00e9p lett kiv\u00e1lasztva<\/figcaption><\/figure>\n<p>L\u00e1tszik a k\u00e9peken, hogy az oldal k\u00e9sz\u00edt\u00e9sekor ker\u00fcltek fel.<\/p>\n<p><a href=\"http:\/\/imrus.synology.me\/fraudsters\/wp-content\/uploads\/2023\/08\/2023-01-04_192448.jpg\"><img loading=\"lazy\" decoding=\"async\" class=\"alignnone wp-image-117 size-full\" src=\"http:\/\/imrus.synology.me\/fraudsters\/wp-content\/uploads\/2023\/08\/2023-01-04_192448.jpg\" alt=\"\" width=\"678\" height=\"308\" \/><\/a> <a href=\"http:\/\/imrus.synology.me\/fraudsters\/wp-content\/uploads\/2023\/08\/2023-01-04_192417.jpg\"><img loading=\"lazy\" decoding=\"async\" class=\"alignnone wp-image-118 size-full\" src=\"http:\/\/imrus.synology.me\/fraudsters\/wp-content\/uploads\/2023\/08\/2023-01-04_192417.jpg\" alt=\"\" width=\"681\" height=\"653\" \/><\/a><\/p>\n<p>K\u00e9sz. Ut\u00e1na ezzel m\u00e1r nem is foglalkoznak. A hangs\u00faly az oldal hirdet\u00e9s\u00e9ben van. Mivel a csal\u00f3 fizet a hirdet\u00e9s\u00e9rt a facebooknak, ez\u00e9rt a facebook szemet huny a csal\u00e1s felett. A hirdet\u00e9sben azt\u00e1n b\u00e1rmit feltehet. Az im\u00e9nti p\u00e9lda szerint ruh\u00e1zatr\u00f3l sz\u00f3l az oldal. Viszont a hirdet\u00e9sben m\u00e1r egy bark\u00e1cs bigy\u00f3 van.<\/p>\n<figure id=\"attachment_119\" aria-describedby=\"caption-attachment-119\" style=\"width: 681px\" class=\"wp-caption alignnone\"><a href=\"http:\/\/imrus.synology.me\/fraudsters\/wp-content\/uploads\/2023\/08\/2023-01-04_193156.jpg\"><img loading=\"lazy\" decoding=\"async\" class=\"wp-image-119 size-full\" src=\"http:\/\/imrus.synology.me\/fraudsters\/wp-content\/uploads\/2023\/08\/2023-01-04_193156.jpg\" alt=\"\" width=\"681\" height=\"790\" \/><\/a><figcaption id=\"caption-attachment-119\" class=\"wp-caption-text\">Ruh\u00e1zat? Nofene&#8230;<\/figcaption><\/figure>\n<p>Nem \u00e1rt a hirdet\u00e9skor az oldalt is megn\u00e9zni. Ott biztos hogy kisz\u00farhat\u00f3 a turpiss\u00e1g \u00e9s hogy csal\u00f3 az oldal.<br \/>\nAz ilyen oldalr\u00f3l ne rendelj semmik\u00e9ppen sem. Legjobb ha a facebookon megjelen\u0151 minden oldalt elker\u00fclsz. <strong>A facebook a csal\u00f3k meleg\u00e1gya.<\/strong><\/p>\n<div id='gallery-1' class='gallery galleryid-372 gallery-columns-2 gallery-size-full'><figure class='gallery-item'>\n\t\t\t<div class='gallery-icon portrait'>\n\t\t\t\t<a href='https:\/\/imrus.synology.me\/fraudsters\/wp-content\/uploads\/2023\/08\/326676030_985291909127597_949951675849711211_n.jpg'><img loading=\"lazy\" decoding=\"async\" width=\"1028\" height=\"1920\" src=\"https:\/\/imrus.synology.me\/fraudsters\/wp-content\/uploads\/2023\/08\/326676030_985291909127597_949951675849711211_n.jpg\" class=\"attachment-full size-full\" alt=\"\" aria-describedby=\"gallery-1-250\" srcset=\"https:\/\/imrus.synology.me\/fraudsters\/wp-content\/uploads\/2023\/08\/326676030_985291909127597_949951675849711211_n.jpg 1028w, https:\/\/imrus.synology.me\/fraudsters\/wp-content\/uploads\/2023\/08\/326676030_985291909127597_949951675849711211_n-161x300.jpg 161w, https:\/\/imrus.synology.me\/fraudsters\/wp-content\/uploads\/2023\/08\/326676030_985291909127597_949951675849711211_n-548x1024.jpg 548w, https:\/\/imrus.synology.me\/fraudsters\/wp-content\/uploads\/2023\/08\/326676030_985291909127597_949951675849711211_n-768x1434.jpg 768w, https:\/\/imrus.synology.me\/fraudsters\/wp-content\/uploads\/2023\/08\/326676030_985291909127597_949951675849711211_n-822x1536.jpg 822w, https:\/\/imrus.synology.me\/fraudsters\/wp-content\/uploads\/2023\/08\/326676030_985291909127597_949951675849711211_n-760x1419.jpg 760w\" sizes=\"auto, (max-width: 1028px) 100vw, 1028px\" \/><\/a>\n\t\t\t<\/div>\n\t\t\t\t<figcaption class='wp-caption-text gallery-caption' id='gallery-1-250'>\n\t\t\t\tFr\u00f6ccs\u00f6nt\u00f6tt \u00e9rt\u00e9ktelen szem\u00e9t\n\t\t\t\t<\/figcaption><\/figure><figure class='gallery-item'>\n\t\t\t<div class='gallery-icon portrait'>\n\t\t\t\t<a href='https:\/\/imrus.synology.me\/fraudsters\/wp-content\/uploads\/2023\/08\/326459522_1352176435537707_4372632196460880281_n.jpg'><img loading=\"lazy\" decoding=\"async\" width=\"1028\" height=\"1920\" src=\"https:\/\/imrus.synology.me\/fraudsters\/wp-content\/uploads\/2023\/08\/326459522_1352176435537707_4372632196460880281_n.jpg\" class=\"attachment-full size-full\" alt=\"\" aria-describedby=\"gallery-1-249\" srcset=\"https:\/\/imrus.synology.me\/fraudsters\/wp-content\/uploads\/2023\/08\/326459522_1352176435537707_4372632196460880281_n.jpg 1028w, https:\/\/imrus.synology.me\/fraudsters\/wp-content\/uploads\/2023\/08\/326459522_1352176435537707_4372632196460880281_n-161x300.jpg 161w, https:\/\/imrus.synology.me\/fraudsters\/wp-content\/uploads\/2023\/08\/326459522_1352176435537707_4372632196460880281_n-548x1024.jpg 548w, https:\/\/imrus.synology.me\/fraudsters\/wp-content\/uploads\/2023\/08\/326459522_1352176435537707_4372632196460880281_n-768x1434.jpg 768w, https:\/\/imrus.synology.me\/fraudsters\/wp-content\/uploads\/2023\/08\/326459522_1352176435537707_4372632196460880281_n-822x1536.jpg 822w, https:\/\/imrus.synology.me\/fraudsters\/wp-content\/uploads\/2023\/08\/326459522_1352176435537707_4372632196460880281_n-760x1419.jpg 760w\" sizes=\"auto, (max-width: 1028px) 100vw, 1028px\" \/><\/a>\n\t\t\t<\/div>\n\t\t\t\t<figcaption class='wp-caption-text gallery-caption' id='gallery-1-249'>\n\t\t\t\tEzt kapod az \u00f6sszeszerelhet\u0151 mozg\u00f3 makett helyett\n\t\t\t\t<\/figcaption><\/figure>\n\t\t<\/div>\n\n<p>Felmer\u00fcl a k\u00e9rd\u00e9s, hogy mi\u00e9rt engedi ezt a facebook? Egyszer\u0171 a v\u00e1lasz. Mivel a csal\u00f3 fizet a m\u00e1sik csal\u00f3nak (bocs\u00e1nat, facebooknak), ez\u00e9rt megt\u0171ri a szab\u00e1lytalans\u00e1got. Mindenesetre \u00e9rdemes jelenteni az oldalt is \u00e9s a hirdet\u00e9st is. El\u0151fordul hogy m\u00e9gis t\u00f6rlik&#8230;<\/p>\n<p>M\u00e1sik p\u00e9lda. Van egy kamu, csal\u00f3 oldal. Kitesz p\u00e1r k\u00e9pet<\/p>\n<figure id=\"attachment_405\" aria-describedby=\"caption-attachment-405\" style=\"width: 682px\" class=\"wp-caption alignnone\"><a href=\"http:\/\/imrus.synology.me\/fraudsters\/wp-content\/uploads\/2023\/08\/2023-02-05_094139.jpg\"><img loading=\"lazy\" decoding=\"async\" class=\"wp-image-405 size-full\" src=\"http:\/\/imrus.synology.me\/fraudsters\/wp-content\/uploads\/2023\/08\/2023-02-05_094139.jpg\" alt=\"\" width=\"682\" height=\"910\" \/><\/a><figcaption id=\"caption-attachment-405\" class=\"wp-caption-text\">A h\u00e1rom k\u00e9pb\u0151l az egyik<\/figcaption><\/figure>\n<p>Se link, se kattint\u00e1si lehet\u0151s\u00e9g. Csak egy k\u00e9p&#8230; Hogy hitelesnek l\u00e1tsz\u00f3djon, m\u00e9g k\u00e9t hasonl\u00f3 k\u00e9p van az oldalon.<\/p>\n<figure id=\"attachment_406\" aria-describedby=\"caption-attachment-406\" style=\"width: 490px\" class=\"wp-caption alignnone\"><a href=\"http:\/\/imrus.synology.me\/fraudsters\/wp-content\/uploads\/2023\/08\/2023-02-05_094204.jpg\"><img loading=\"lazy\" decoding=\"async\" class=\"wp-image-406 size-full\" src=\"http:\/\/imrus.synology.me\/fraudsters\/wp-content\/uploads\/2023\/08\/2023-02-05_094204.jpg\" alt=\"\" width=\"490\" height=\"693\" \/><\/a><figcaption id=\"caption-attachment-406\" class=\"wp-caption-text\">Az eg\u00e9sz &#8222;kollekci\u00f3&#8221; egy k\u00e9pen<\/figcaption><\/figure>\n<p>Az \u00e1ttekint\u00e9sben egy weboldal linkje l\u00e1that\u00f3. Biztos ott lehet megvenni a garb\u00f3kat. H\u00e1t akkor kattintsunk&#8230;<\/p>\n<p>&nbsp;<\/p>\n<figure id=\"attachment_414\" aria-describedby=\"caption-attachment-414\" style=\"width: 1509px\" class=\"wp-caption alignnone\"><a href=\"http:\/\/imrus.synology.me\/fraudsters\/wp-content\/uploads\/2023\/08\/2023-02-05_094308.jpg\"><img loading=\"lazy\" decoding=\"async\" class=\"wp-image-414 size-full\" src=\"http:\/\/imrus.synology.me\/fraudsters\/wp-content\/uploads\/2023\/08\/2023-02-05_094308.jpg\" alt=\"\" width=\"1509\" height=\"977\" \/><\/a><figcaption id=\"caption-attachment-414\" class=\"wp-caption-text\">Nyoma sincs a ruh\u00e1knak. Helyette kert gondoz\u00e1si oldalra ker\u00fcl\u00fcnk.<\/figcaption><\/figure>\n<p>Az oldalon nyoma sincs semmilyen ruh\u00e1zatnak. Ez mind csak \u00e1lca, hogy a facebook ne gyanakodjon csal\u00e1sra. A csal\u00e1s val\u00f3j\u00e1ban a hirdet\u00e9seiben van. Az oldal alj\u00e1n a k\u00f6vetkez\u0151 inform\u00e1ci\u00f3t kapjuk a tulajdonos kil\u00e9t\u00e9r\u0151l:<\/p>\n<figure id=\"attachment_408\" aria-describedby=\"caption-attachment-408\" style=\"width: 647px\" class=\"wp-caption alignnone\"><a href=\"http:\/\/imrus.synology.me\/fraudsters\/wp-content\/uploads\/2023\/08\/2023-02-05_095521.jpg\"><img loading=\"lazy\" decoding=\"async\" class=\"wp-image-408 size-full\" src=\"http:\/\/imrus.synology.me\/fraudsters\/wp-content\/uploads\/2023\/08\/2023-02-05_095521.jpg\" alt=\"\" width=\"647\" height=\"402\" \/><\/a><figcaption id=\"caption-attachment-408\" class=\"wp-caption-text\">Egy n\u00e9metorsz\u00e1gi c\u00e9g van megjel\u00f6lve<\/figcaption><\/figure>\n<p>A weboldal domain lek\u00e9rdez\u00e9se (whois) alapj\u00e1n hamar r\u00e1j\u00f6v\u00fcnk, hogy nem stimmel valami:<\/p>\n<figure id=\"attachment_409\" aria-describedby=\"caption-attachment-409\" style=\"width: 697px\" class=\"wp-caption alignnone\"><a href=\"http:\/\/imrus.synology.me\/fraudsters\/wp-content\/uploads\/2023\/08\/2023-02-05_095114.jpg\"><img loading=\"lazy\" decoding=\"async\" class=\"wp-image-409 size-full\" src=\"http:\/\/imrus.synology.me\/fraudsters\/wp-content\/uploads\/2023\/08\/2023-02-05_095114.jpg\" alt=\"\" width=\"697\" height=\"387\" \/><\/a><figcaption id=\"caption-attachment-409\" class=\"wp-caption-text\">Az oldal p\u00e1r hetes \u00e9s k\u00ednai szerveren cs\u00fccs\u00fcl. Err\u0151l \u00e1rulkodik a k\u00ednai n\u00e9vszerver hivatkoz\u00e1sa.<\/figcaption><\/figure>\n<p><mark>Az oldalt id\u0151k\u00f6zben t\u00f6r\u00f6lt\u00e9k!<\/mark><\/p>\n<p>Kicsit tov\u00e1bb \u00e1sk\u00e1l\u00f3dva az is kider\u00fcl, hogy csal\u00e1s\u00e9rt feljelentett\u00e9k a n\u00e9met c\u00e9get. Ez olyan lehetett, mint n\u00e1lunk a Fogyaszt\u00f3v\u00e9delmi hat\u00f3s\u00e1g. Az al\u00e1bbi hivatkoz\u00e1son olvashatod mi\u00e9rt \u00e9s mire b\u00fcntett\u00e9k:\u00a0<a href=\"https:\/\/www.disputesregister.org\/dispute\/details\/de-064110000-bin-estrella-gmbh\/1883-fraud\" target=\"_blank\" rel=\"noopener\">https:\/\/www.disputesregister.org\/dispute\/details\/de-064110000-bin-estrella-gmbh\/1883-fraud<\/a><\/p>\n<p>Nem \u00f6rd\u00f6gt\u0151l val\u00f3 azok a keres\u00e9sek, amik alapj\u00e1n kider\u00edthet\u0151 egy oldalr\u00f3l hogy hamis, \u00e1t akar verni. Minden v\u00e1s\u00e1rl\u00e1s el\u0151tt aj\u00e1nlott a weboldal h\u00e1tter\u00e9t meg\u00e1llap\u00edtani, ha csak nem vagyunk p\u00e9nz\u00fcnk ellens\u00e9ge.<\/p>\n<div class=\"pvc_clear\"><\/div>\n<p id=\"pvc_stats_372\" class=\"pvc_stats total_only  \" data-element-id=\"372\" style=\"\"><i class=\"pvc-stats-icon small\" aria-hidden=\"true\"><svg xmlns=\"http:\/\/www.w3.org\/2000\/svg\" version=\"1.0\" viewBox=\"0 0 502 315\" preserveAspectRatio=\"xMidYMid meet\"><g transform=\"translate(0,332) scale(0.1,-0.1)\" fill=\"\" stroke=\"none\"><path d=\"M2394 3279 l-29 -30 -3 -207 c-2 -182 0 -211 15 -242 39 -76 157 -76 196 0 15 31 17 60 15 243 l-3 209 -33 29 c-26 23 -41 29 -80 29 -41 0 -53 -5 -78 -31z\"\/><path d=\"M3085 3251 c-45 -19 -58 -50 -96 -229 -47 -217 -49 -260 -13 -295 52 -53 146 -42 177 20 16 31 87 366 87 410 0 70 -86 122 -155 94z\"\/><path d=\"M1751 3234 c-13 -9 -29 -31 -37 -50 -12 -29 -10 -49 21 -204 19 -94 39 -189 45 -210 14 -50 54 -80 110 -80 34 0 48 6 76 34 21 21 34 44 34 59 0 14 -18 113 -40 219 -37 178 -43 195 -70 221 -36 32 -101 37 -139 11z\"\/><path d=\"M1163 3073 c-36 -7 -73 -59 -73 -102 0 -56 133 -378 171 -413 34 -32 83 -37 129 -13 70 36 67 87 -16 290 -86 209 -89 214 -129 231 -35 14 -42 15 -82 7z\"\/><path d=\"M3689 3066 c-15 -9 -33 -30 -42 -48 -48 -103 -147 -355 -147 -375 0 -98 131 -148 192 -74 13 15 57 108 97 206 80 196 84 226 37 273 -30 30 -99 39 -137 18z\"\/><path d=\"M583 2784 c-38 -19 -67 -74 -58 -113 9 -42 211 -354 242 -373 16 -10 45 -18 66 -18 51 0 107 52 107 100 0 39 -1 41 -124 234 -80 126 -108 162 -133 173 -41 17 -61 16 -100 -3z\"\/><path d=\"M4250 2784 c-14 -9 -74 -91 -133 -183 -95 -150 -107 -173 -107 -213 0 -55 33 -94 87 -104 67 -13 90 8 211 198 130 202 137 225 78 284 -27 27 -42 34 -72 34 -22 0 -50 -8 -64 -16z\"\/><path d=\"M2275 2693 c-553 -48 -1095 -270 -1585 -649 -135 -104 -459 -423 -483 -476 -23 -49 -22 -139 2 -186 73 -142 361 -457 571 -626 285 -228 642 -407 990 -497 242 -63 336 -73 660 -74 310 0 370 5 595 52 535 111 1045 392 1455 803 122 121 250 273 275 326 19 41 19 137 0 174 -41 79 -309 363 -465 492 -447 370 -946 591 -1479 653 -113 14 -422 18 -536 8z m395 -428 c171 -34 330 -124 456 -258 112 -119 167 -219 211 -378 27 -96 24 -300 -5 -401 -72 -255 -236 -447 -474 -557 -132 -62 -201 -76 -368 -76 -167 0 -236 14 -368 76 -213 98 -373 271 -451 485 -162 444 86 934 547 1084 153 49 292 57 452 25z m909 -232 c222 -123 408 -262 593 -441 76 -74 138 -139 138 -144 0 -16 -233 -242 -330 -319 -155 -123 -309 -223 -461 -299 l-81 -41 32 46 c18 26 49 83 70 128 143 306 141 649 -6 957 -25 52 -61 116 -79 142 l-34 47 45 -20 c26 -10 76 -36 113 -56z m-2057 25 c-40 -58 -105 -190 -130 -263 -110 -324 -59 -707 132 -981 25 -35 42 -64 37 -64 -19 0 -241 119 -326 174 -188 122 -406 314 -532 468 l-58 71 108 103 c185 178 428 349 672 473 66 33 121 60 123 61 2 0 -10 -19 -26 -42z\"\/><path d=\"M2375 1950 c-198 -44 -350 -190 -395 -379 -18 -76 -8 -221 19 -290 114 -284 457 -406 731 -260 98 52 188 154 231 260 27 69 37 214 19 290 -38 163 -166 304 -326 360 -67 23 -215 33 -279 19z\"\/><\/g><\/svg><\/i> <img loading=\"lazy\" decoding=\"async\" width=\"16\" height=\"16\" alt=\"Loading\" src=\"https:\/\/imrus.synology.me\/fraudsters\/wp-content\/plugins\/page-views-count\/ajax-loader-2x.gif\" border=0 \/><\/p>\n<div class=\"pvc_clear\"><\/div>\n<div class=\"fcbkbttn_buttons_block\" id=\"fcbkbttn_left\"><div class=\"fb-share-button fcbkbttn_large_button \" data-href=\"https:\/\/imrus.synology.me\/fraudsters\/honnan-lehet-tudni-hogy-csalo\/\" data-type=\"box_count\" data-size=\"large\"><\/div><\/div><div class=\"pld-like-dislike-wrap pld-template-1\">\r\n    <div class=\"pld-like-wrap  pld-common-wrap\">\r\n    <a href=\"javascript:void(0)\" class=\"pld-like-trigger pld-like-dislike-trigger  \" title=\"Tetszik\" data-post-id=\"372\" data-trigger-type=\"like\" data-restriction=\"cookie\" data-already-liked=\"0\">\r\n                        <i class=\"fas fa-thumbs-up\"><\/i>\r\n                <\/a>\r\n    <span class=\"pld-like-count-wrap pld-count-wrap\">    <\/span>\r\n<\/div><\/div>","protected":false},"excerpt":{"rendered":"<p>A csal\u00f3k csapata megkapja a feladatot: kell egy oldal&#8230; Az oldal elk\u00e9sz\u00fcl 2022. 08. 17.-\u00e9n. Gyorsan be\u00e1ll\u00edtanak ezt-azt. Telefonsz\u00e1m, email&#8230;<\/p>\n<div class=\"pvc_clear\"><\/div>\n<p id=\"pvc_stats_372\" class=\"pvc_stats total_only  \" data-element-id=\"372\" style=\"\"><i class=\"pvc-stats-icon small\" aria-hidden=\"true\"><svg xmlns=\"http:\/\/www.w3.org\/2000\/svg\" version=\"1.0\" viewBox=\"0 0 502 315\" preserveAspectRatio=\"xMidYMid meet\"><g transform=\"translate(0,332) scale(0.1,-0.1)\" fill=\"\" stroke=\"none\"><path d=\"M2394 3279 l-29 -30 -3 -207 c-2 -182 0 -211 15 -242 39 -76 157 -76 196 0 15 31 17 60 15 243 l-3 209 -33 29 c-26 23 -41 29 -80 29 -41 0 -53 -5 -78 -31z\"\/><path d=\"M3085 3251 c-45 -19 -58 -50 -96 -229 -47 -217 -49 -260 -13 -295 52 -53 146 -42 177 20 16 31 87 366 87 410 0 70 -86 122 -155 94z\"\/><path d=\"M1751 3234 c-13 -9 -29 -31 -37 -50 -12 -29 -10 -49 21 -204 19 -94 39 -189 45 -210 14 -50 54 -80 110 -80 34 0 48 6 76 34 21 21 34 44 34 59 0 14 -18 113 -40 219 -37 178 -43 195 -70 221 -36 32 -101 37 -139 11z\"\/><path d=\"M1163 3073 c-36 -7 -73 -59 -73 -102 0 -56 133 -378 171 -413 34 -32 83 -37 129 -13 70 36 67 87 -16 290 -86 209 -89 214 -129 231 -35 14 -42 15 -82 7z\"\/><path d=\"M3689 3066 c-15 -9 -33 -30 -42 -48 -48 -103 -147 -355 -147 -375 0 -98 131 -148 192 -74 13 15 57 108 97 206 80 196 84 226 37 273 -30 30 -99 39 -137 18z\"\/><path d=\"M583 2784 c-38 -19 -67 -74 -58 -113 9 -42 211 -354 242 -373 16 -10 45 -18 66 -18 51 0 107 52 107 100 0 39 -1 41 -124 234 -80 126 -108 162 -133 173 -41 17 -61 16 -100 -3z\"\/><path d=\"M4250 2784 c-14 -9 -74 -91 -133 -183 -95 -150 -107 -173 -107 -213 0 -55 33 -94 87 -104 67 -13 90 8 211 198 130 202 137 225 78 284 -27 27 -42 34 -72 34 -22 0 -50 -8 -64 -16z\"\/><path d=\"M2275 2693 c-553 -48 -1095 -270 -1585 -649 -135 -104 -459 -423 -483 -476 -23 -49 -22 -139 2 -186 73 -142 361 -457 571 -626 285 -228 642 -407 990 -497 242 -63 336 -73 660 -74 310 0 370 5 595 52 535 111 1045 392 1455 803 122 121 250 273 275 326 19 41 19 137 0 174 -41 79 -309 363 -465 492 -447 370 -946 591 -1479 653 -113 14 -422 18 -536 8z m395 -428 c171 -34 330 -124 456 -258 112 -119 167 -219 211 -378 27 -96 24 -300 -5 -401 -72 -255 -236 -447 -474 -557 -132 -62 -201 -76 -368 -76 -167 0 -236 14 -368 76 -213 98 -373 271 -451 485 -162 444 86 934 547 1084 153 49 292 57 452 25z m909 -232 c222 -123 408 -262 593 -441 76 -74 138 -139 138 -144 0 -16 -233 -242 -330 -319 -155 -123 -309 -223 -461 -299 l-81 -41 32 46 c18 26 49 83 70 128 143 306 141 649 -6 957 -25 52 -61 116 -79 142 l-34 47 45 -20 c26 -10 76 -36 113 -56z m-2057 25 c-40 -58 -105 -190 -130 -263 -110 -324 -59 -707 132 -981 25 -35 42 -64 37 -64 -19 0 -241 119 -326 174 -188 122 -406 314 -532 468 l-58 71 108 103 c185 178 428 349 672 473 66 33 121 60 123 61 2 0 -10 -19 -26 -42z\"\/><path d=\"M2375 1950 c-198 -44 -350 -190 -395 -379 -18 -76 -8 -221 19 -290 114 -284 457 -406 731 -260 98 52 188 154 231 260 27 69 37 214 19 290 -38 163 -166 304 -326 360 -67 23 -215 33 -279 19z\"\/><\/g><\/svg><\/i> <img loading=\"lazy\" decoding=\"async\" width=\"16\" height=\"16\" alt=\"Loading\" src=\"https:\/\/imrus.synology.me\/fraudsters\/wp-content\/plugins\/page-views-count\/ajax-loader-2x.gif\" border=0 \/><\/p>\n<div class=\"pvc_clear\"><\/div>\n<div class=\"fcbkbttn_buttons_block\" id=\"fcbkbttn_left\"><div class=\"fb-share-button fcbkbttn_large_button \" data-href=\"https:\/\/imrus.synology.me\/fraudsters\/honnan-lehet-tudni-hogy-csalo\/\" data-type=\"box_count\" data-size=\"large\"><\/div><\/div>","protected":false},"author":1,"featured_media":55,"parent":0,"menu_order":0,"comment_status":"closed","ping_status":"closed","template":"","meta":{"_seopress_robots_primary_cat":"","_seopress_titles_title":"","_seopress_titles_desc":"","_seopress_robots_index":"","pgc_sgb_lightbox_settings":"","footnotes":""},"class_list":["post-372","page","type-page","status-publish","has-post-thumbnail","hentry"],"a3_pvc":{"activated":true,"total_views":54,"today_views":0},"_links":{"self":[{"href":"https:\/\/imrus.synology.me\/fraudsters\/wp-json\/wp\/v2\/pages\/372","targetHints":{"allow":["GET"]}}],"collection":[{"href":"https:\/\/imrus.synology.me\/fraudsters\/wp-json\/wp\/v2\/pages"}],"about":[{"href":"https:\/\/imrus.synology.me\/fraudsters\/wp-json\/wp\/v2\/types\/page"}],"author":[{"embeddable":true,"href":"https:\/\/imrus.synology.me\/fraudsters\/wp-json\/wp\/v2\/users\/1"}],"replies":[{"embeddable":true,"href":"https:\/\/imrus.synology.me\/fraudsters\/wp-json\/wp\/v2\/comments?post=372"}],"version-history":[{"count":9,"href":"https:\/\/imrus.synology.me\/fraudsters\/wp-json\/wp\/v2\/pages\/372\/revisions"}],"predecessor-version":[{"id":1114,"href":"https:\/\/imrus.synology.me\/fraudsters\/wp-json\/wp\/v2\/pages\/372\/revisions\/1114"}],"wp:featuredmedia":[{"embeddable":true,"href":"https:\/\/imrus.synology.me\/fraudsters\/wp-json\/wp\/v2\/media\/55"}],"wp:attachment":[{"href":"https:\/\/imrus.synology.me\/fraudsters\/wp-json\/wp\/v2\/media?parent=372"}],"curies":[{"name":"wp","href":"https:\/\/api.w.org\/{rel}","templated":true}]}}