{"id":383,"date":"2023-08-16T06:53:03","date_gmt":"2023-08-16T04:53:03","guid":{"rendered":"https:\/\/imrus.synology.me\/fraudsters\/?page_id=383"},"modified":"2024-11-10T11:40:55","modified_gmt":"2024-11-10T09:40:55","slug":"ezek-mind-csalok","status":"publish","type":"page","link":"https:\/\/imrus.synology.me\/fraudsters\/ezek-mind-csalok\/","title":{"rendered":"Ezek mind csal\u00f3k\u2026"},"content":{"rendered":"<p>Mi\u00e9rt csal\u00f3k? Nem az a csal\u00f3 akit a kattint\u00e1sok v\u00e9g\u00e9n l\u00e1tsz. Hanem a k\u00f6ztes oldal, ami t\u00f6k felesleges.<\/p>\n<figure id=\"attachment_757\" aria-describedby=\"caption-attachment-757\" style=\"width: 678px\" class=\"wp-caption alignnone\"><a href=\"https:\/\/imrus.synology.me\/fraudsters\/wp-content\/uploads\/2023\/08\/2023-05-18_160823.jpg\"><img loading=\"lazy\" decoding=\"async\" class=\"wp-image-757 size-full\" src=\"https:\/\/imrus.synology.me\/fraudsters\/wp-content\/uploads\/2023\/08\/2023-05-18_160823.jpg\" alt=\"\" width=\"678\" height=\"274\" \/><\/a><figcaption id=\"caption-attachment-757\" class=\"wp-caption-text\">Ez a link is egy csal\u00f3 oldal linkje&#8230;<\/figcaption><\/figure>\n<p>P\u00e9ld\u00e1ul a legut\u00f3bbin\u00e1l a hivatkoz\u00e1s&#8230; Id\u0151k\u00f6zben m\u00e1r r\u00e1kattintva semmi sem j\u00f6n be.<\/p>\n<p><span style=\"text-decoration: underline;\">K\u00f6ztes oldal:<\/span> az az oldal, amire el\u0151sz\u00f6r kattintasz \u00e9s felsorolja a hivatkoz\u00e1sokat. Az oldal bet\u00f6lt\u00e9sekor a h\u00e1tt\u00e9rben egy rekl\u00e1m (angolul <em>advertisement<\/em>, r\u00f6viden <strong><em>ad<\/em><\/strong>) t\u00f6lt\u0151dik be, ami val\u00f3j\u00e1ban egy tr\u00f3jai v\u00edrust tesz a b\u00f6ng\u00e9sz\u0151be. A tr\u00f3jainak t\u00f6bb funkci\u00f3ja lehet. Figyeli p\u00e9ld\u00e1ul a billenty\u0171zet le\u00fct\u00e9seket, fizet\u00e9si tranzakci\u00f3k adatait, bel\u00e9p\u00e9si n\u00e9v\/jelsz\u00f3 p\u00e1rost. Tudtodon k\u00edv\u00fcl gyakorlatilag kirabolnak mire \u00e9szre veszed.<\/p>\n<p>Az al\u00e1bbiakban n\u00e9h\u00e1ny ilyen <em>\u00e9rdekess\u00e9g<\/em>, ami el\u00e9m ker\u00fclt. Persze nem a teljess\u00e9g ig\u00e9ny\u00e9vel. Van t\u00f6bb is, illetve n\u00e9h\u00e1nyat m\u00e1r t\u00f6r\u00f6lhettek.<\/p>\n<div id='gallery-1' class='gallery galleryid-383 gallery-columns-5 gallery-size-full'><figure class='gallery-item'>\n\t\t\t<div class='gallery-icon portrait'>\n\t\t\t\t<a href='https:\/\/imrus.synology.me\/fraudsters\/wp-content\/uploads\/2023\/08\/2023-04-08_100416.jpg'><img loading=\"lazy\" decoding=\"async\" width=\"696\" height=\"729\" src=\"https:\/\/imrus.synology.me\/fraudsters\/wp-content\/uploads\/2023\/08\/2023-04-08_100416.jpg\" class=\"attachment-full size-full\" alt=\"\" srcset=\"https:\/\/imrus.synology.me\/fraudsters\/wp-content\/uploads\/2023\/08\/2023-04-08_100416.jpg 696w, https:\/\/imrus.synology.me\/fraudsters\/wp-content\/uploads\/2023\/08\/2023-04-08_100416-286x300.jpg 286w\" sizes=\"auto, (max-width: 696px) 100vw, 696px\" \/><\/a>\n\t\t\t<\/div><\/figure><figure class='gallery-item'>\n\t\t\t<div class='gallery-icon portrait'>\n\t\t\t\t<a href='https:\/\/imrus.synology.me\/fraudsters\/wp-content\/uploads\/2023\/08\/2023-04-08_101800.jpg'><img loading=\"lazy\" decoding=\"async\" width=\"686\" height=\"721\" src=\"https:\/\/imrus.synology.me\/fraudsters\/wp-content\/uploads\/2023\/08\/2023-04-08_101800.jpg\" class=\"attachment-full size-full\" alt=\"\" srcset=\"https:\/\/imrus.synology.me\/fraudsters\/wp-content\/uploads\/2023\/08\/2023-04-08_101800.jpg 686w, https:\/\/imrus.synology.me\/fraudsters\/wp-content\/uploads\/2023\/08\/2023-04-08_101800-285x300.jpg 285w\" sizes=\"auto, (max-width: 686px) 100vw, 686px\" \/><\/a>\n\t\t\t<\/div><\/figure><figure class='gallery-item'>\n\t\t\t<div class='gallery-icon portrait'>\n\t\t\t\t<a href='https:\/\/imrus.synology.me\/fraudsters\/wp-content\/uploads\/2023\/08\/2023-05-03_230324.jpg'><img loading=\"lazy\" decoding=\"async\" width=\"681\" height=\"733\" src=\"https:\/\/imrus.synology.me\/fraudsters\/wp-content\/uploads\/2023\/08\/2023-05-03_230324.jpg\" class=\"attachment-full size-full\" alt=\"\" srcset=\"https:\/\/imrus.synology.me\/fraudsters\/wp-content\/uploads\/2023\/08\/2023-05-03_230324.jpg 681w, https:\/\/imrus.synology.me\/fraudsters\/wp-content\/uploads\/2023\/08\/2023-05-03_230324-279x300.jpg 279w\" sizes=\"auto, (max-width: 681px) 100vw, 681px\" \/><\/a>\n\t\t\t<\/div><\/figure><figure class='gallery-item'>\n\t\t\t<div class='gallery-icon portrait'>\n\t\t\t\t<a href='https:\/\/imrus.synology.me\/fraudsters\/wp-content\/uploads\/2023\/08\/2023-05-04_095444.jpg'><img loading=\"lazy\" decoding=\"async\" width=\"702\" height=\"735\" src=\"https:\/\/imrus.synology.me\/fraudsters\/wp-content\/uploads\/2023\/08\/2023-05-04_095444.jpg\" class=\"attachment-full size-full\" alt=\"\" srcset=\"https:\/\/imrus.synology.me\/fraudsters\/wp-content\/uploads\/2023\/08\/2023-05-04_095444.jpg 702w, https:\/\/imrus.synology.me\/fraudsters\/wp-content\/uploads\/2023\/08\/2023-05-04_095444-287x300.jpg 287w\" sizes=\"auto, (max-width: 702px) 100vw, 702px\" \/><\/a>\n\t\t\t<\/div><\/figure><figure class='gallery-item'>\n\t\t\t<div class='gallery-icon portrait'>\n\t\t\t\t<a href='https:\/\/imrus.synology.me\/fraudsters\/wp-content\/uploads\/2023\/08\/2023-05-04_224219.jpg'><img loading=\"lazy\" decoding=\"async\" width=\"702\" height=\"735\" src=\"https:\/\/imrus.synology.me\/fraudsters\/wp-content\/uploads\/2023\/08\/2023-05-04_224219.jpg\" class=\"attachment-full size-full\" alt=\"\" srcset=\"https:\/\/imrus.synology.me\/fraudsters\/wp-content\/uploads\/2023\/08\/2023-05-04_224219.jpg 702w, https:\/\/imrus.synology.me\/fraudsters\/wp-content\/uploads\/2023\/08\/2023-05-04_224219-287x300.jpg 287w\" sizes=\"auto, (max-width: 702px) 100vw, 702px\" \/><\/a>\n\t\t\t<\/div><\/figure><figure class='gallery-item'>\n\t\t\t<div class='gallery-icon landscape'>\n\t\t\t\t<a href='https:\/\/imrus.synology.me\/fraudsters\/wp-content\/uploads\/2023\/08\/2023-05-04_224328.jpg'><img loading=\"lazy\" decoding=\"async\" width=\"718\" height=\"630\" src=\"https:\/\/imrus.synology.me\/fraudsters\/wp-content\/uploads\/2023\/08\/2023-05-04_224328.jpg\" class=\"attachment-full size-full\" alt=\"\" srcset=\"https:\/\/imrus.synology.me\/fraudsters\/wp-content\/uploads\/2023\/08\/2023-05-04_224328.jpg 718w, https:\/\/imrus.synology.me\/fraudsters\/wp-content\/uploads\/2023\/08\/2023-05-04_224328-300x263.jpg 300w\" sizes=\"auto, (max-width: 718px) 100vw, 718px\" \/><\/a>\n\t\t\t<\/div><\/figure><figure class='gallery-item'>\n\t\t\t<div class='gallery-icon portrait'>\n\t\t\t\t<a href='https:\/\/imrus.synology.me\/fraudsters\/wp-content\/uploads\/2023\/08\/2023-05-07_182003.jpg'><img loading=\"lazy\" decoding=\"async\" width=\"679\" height=\"786\" src=\"https:\/\/imrus.synology.me\/fraudsters\/wp-content\/uploads\/2023\/08\/2023-05-07_182003.jpg\" class=\"attachment-full size-full\" alt=\"\" srcset=\"https:\/\/imrus.synology.me\/fraudsters\/wp-content\/uploads\/2023\/08\/2023-05-07_182003.jpg 679w, https:\/\/imrus.synology.me\/fraudsters\/wp-content\/uploads\/2023\/08\/2023-05-07_182003-259x300.jpg 259w\" sizes=\"auto, (max-width: 679px) 100vw, 679px\" \/><\/a>\n\t\t\t<\/div><\/figure><figure class='gallery-item'>\n\t\t\t<div class='gallery-icon portrait'>\n\t\t\t\t<a href='https:\/\/imrus.synology.me\/fraudsters\/wp-content\/uploads\/2023\/08\/2023-05-07_183435.jpg'><img loading=\"lazy\" decoding=\"async\" width=\"700\" height=\"728\" src=\"https:\/\/imrus.synology.me\/fraudsters\/wp-content\/uploads\/2023\/08\/2023-05-07_183435.jpg\" class=\"attachment-full size-full\" alt=\"\" srcset=\"https:\/\/imrus.synology.me\/fraudsters\/wp-content\/uploads\/2023\/08\/2023-05-07_183435.jpg 700w, https:\/\/imrus.synology.me\/fraudsters\/wp-content\/uploads\/2023\/08\/2023-05-07_183435-288x300.jpg 288w\" sizes=\"auto, (max-width: 700px) 100vw, 700px\" \/><\/a>\n\t\t\t<\/div><\/figure><figure class='gallery-item'>\n\t\t\t<div class='gallery-icon portrait'>\n\t\t\t\t<a href='https:\/\/imrus.synology.me\/fraudsters\/wp-content\/uploads\/2023\/08\/2023-05-13_002008.jpg'><img loading=\"lazy\" decoding=\"async\" width=\"701\" height=\"785\" src=\"https:\/\/imrus.synology.me\/fraudsters\/wp-content\/uploads\/2023\/08\/2023-05-13_002008.jpg\" class=\"attachment-full size-full\" alt=\"\" srcset=\"https:\/\/imrus.synology.me\/fraudsters\/wp-content\/uploads\/2023\/08\/2023-05-13_002008.jpg 701w, https:\/\/imrus.synology.me\/fraudsters\/wp-content\/uploads\/2023\/08\/2023-05-13_002008-268x300.jpg 268w\" sizes=\"auto, (max-width: 701px) 100vw, 701px\" \/><\/a>\n\t\t\t<\/div><\/figure><figure class='gallery-item'>\n\t\t\t<div class='gallery-icon landscape'>\n\t\t\t\t<a href='https:\/\/imrus.synology.me\/fraudsters\/wp-content\/uploads\/2023\/08\/2023-05-13_002033.jpg'><img loading=\"lazy\" decoding=\"async\" width=\"793\" height=\"788\" src=\"https:\/\/imrus.synology.me\/fraudsters\/wp-content\/uploads\/2023\/08\/2023-05-13_002033.jpg\" class=\"attachment-full size-full\" alt=\"\" srcset=\"https:\/\/imrus.synology.me\/fraudsters\/wp-content\/uploads\/2023\/08\/2023-05-13_002033.jpg 793w, https:\/\/imrus.synology.me\/fraudsters\/wp-content\/uploads\/2023\/08\/2023-05-13_002033-300x298.jpg 300w, https:\/\/imrus.synology.me\/fraudsters\/wp-content\/uploads\/2023\/08\/2023-05-13_002033-150x150.jpg 150w, https:\/\/imrus.synology.me\/fraudsters\/wp-content\/uploads\/2023\/08\/2023-05-13_002033-768x763.jpg 768w, https:\/\/imrus.synology.me\/fraudsters\/wp-content\/uploads\/2023\/08\/2023-05-13_002033-760x755.jpg 760w, https:\/\/imrus.synology.me\/fraudsters\/wp-content\/uploads\/2023\/08\/2023-05-13_002033-100x100.jpg 100w\" sizes=\"auto, (max-width: 793px) 100vw, 793px\" \/><\/a>\n\t\t\t<\/div><\/figure><figure class='gallery-item'>\n\t\t\t<div class='gallery-icon landscape'>\n\t\t\t\t<a href='https:\/\/imrus.synology.me\/fraudsters\/wp-content\/uploads\/2023\/08\/2023-05-13_002128.jpg'><img loading=\"lazy\" decoding=\"async\" width=\"1251\" height=\"812\" src=\"https:\/\/imrus.synology.me\/fraudsters\/wp-content\/uploads\/2023\/08\/2023-05-13_002128.jpg\" class=\"attachment-full size-full\" alt=\"\" srcset=\"https:\/\/imrus.synology.me\/fraudsters\/wp-content\/uploads\/2023\/08\/2023-05-13_002128.jpg 1251w, https:\/\/imrus.synology.me\/fraudsters\/wp-content\/uploads\/2023\/08\/2023-05-13_002128-300x195.jpg 300w, https:\/\/imrus.synology.me\/fraudsters\/wp-content\/uploads\/2023\/08\/2023-05-13_002128-1024x665.jpg 1024w, https:\/\/imrus.synology.me\/fraudsters\/wp-content\/uploads\/2023\/08\/2023-05-13_002128-768x498.jpg 768w, https:\/\/imrus.synology.me\/fraudsters\/wp-content\/uploads\/2023\/08\/2023-05-13_002128-1130x733.jpg 1130w, https:\/\/imrus.synology.me\/fraudsters\/wp-content\/uploads\/2023\/08\/2023-05-13_002128-760x493.jpg 760w\" sizes=\"auto, (max-width: 1251px) 100vw, 1251px\" \/><\/a>\n\t\t\t<\/div><\/figure><figure class='gallery-item'>\n\t\t\t<div class='gallery-icon landscape'>\n\t\t\t\t<a href='https:\/\/imrus.synology.me\/fraudsters\/wp-content\/uploads\/2023\/08\/2023-05-18_143518.jpg'><img loading=\"lazy\" decoding=\"async\" width=\"775\" height=\"738\" src=\"https:\/\/imrus.synology.me\/fraudsters\/wp-content\/uploads\/2023\/08\/2023-05-18_143518.jpg\" class=\"attachment-full size-full\" alt=\"\" srcset=\"https:\/\/imrus.synology.me\/fraudsters\/wp-content\/uploads\/2023\/08\/2023-05-18_143518.jpg 775w, https:\/\/imrus.synology.me\/fraudsters\/wp-content\/uploads\/2023\/08\/2023-05-18_143518-300x286.jpg 300w, https:\/\/imrus.synology.me\/fraudsters\/wp-content\/uploads\/2023\/08\/2023-05-18_143518-768x731.jpg 768w, https:\/\/imrus.synology.me\/fraudsters\/wp-content\/uploads\/2023\/08\/2023-05-18_143518-760x724.jpg 760w\" sizes=\"auto, (max-width: 775px) 100vw, 775px\" \/><\/a>\n\t\t\t<\/div><\/figure><figure class='gallery-item'>\n\t\t\t<div class='gallery-icon portrait'>\n\t\t\t\t<a href='https:\/\/imrus.synology.me\/fraudsters\/wp-content\/uploads\/2023\/08\/2023-05-20_121510.jpg'><img loading=\"lazy\" decoding=\"async\" width=\"701\" height=\"737\" src=\"https:\/\/imrus.synology.me\/fraudsters\/wp-content\/uploads\/2023\/08\/2023-05-20_121510.jpg\" class=\"attachment-full size-full\" alt=\"\" srcset=\"https:\/\/imrus.synology.me\/fraudsters\/wp-content\/uploads\/2023\/08\/2023-05-20_121510.jpg 701w, https:\/\/imrus.synology.me\/fraudsters\/wp-content\/uploads\/2023\/08\/2023-05-20_121510-285x300.jpg 285w\" sizes=\"auto, (max-width: 701px) 100vw, 701px\" \/><\/a>\n\t\t\t<\/div><\/figure><figure class='gallery-item'>\n\t\t\t<div class='gallery-icon portrait'>\n\t\t\t\t<a href='https:\/\/imrus.synology.me\/fraudsters\/wp-content\/uploads\/2023\/08\/2023-05-20_205726.jpg'><img loading=\"lazy\" decoding=\"async\" width=\"682\" height=\"787\" src=\"https:\/\/imrus.synology.me\/fraudsters\/wp-content\/uploads\/2023\/08\/2023-05-20_205726.jpg\" class=\"attachment-full size-full\" alt=\"\" srcset=\"https:\/\/imrus.synology.me\/fraudsters\/wp-content\/uploads\/2023\/08\/2023-05-20_205726.jpg 682w, https:\/\/imrus.synology.me\/fraudsters\/wp-content\/uploads\/2023\/08\/2023-05-20_205726-260x300.jpg 260w\" sizes=\"auto, (max-width: 682px) 100vw, 682px\" \/><\/a>\n\t\t\t<\/div><\/figure><figure class='gallery-item'>\n\t\t\t<div class='gallery-icon portrait'>\n\t\t\t\t<a href='https:\/\/imrus.synology.me\/fraudsters\/wp-content\/uploads\/2023\/08\/2023-05-25_084532.jpg'><img loading=\"lazy\" decoding=\"async\" width=\"680\" height=\"809\" src=\"https:\/\/imrus.synology.me\/fraudsters\/wp-content\/uploads\/2023\/08\/2023-05-25_084532.jpg\" class=\"attachment-full size-full\" alt=\"\" aria-describedby=\"gallery-1-287\" srcset=\"https:\/\/imrus.synology.me\/fraudsters\/wp-content\/uploads\/2023\/08\/2023-05-25_084532.jpg 680w, https:\/\/imrus.synology.me\/fraudsters\/wp-content\/uploads\/2023\/08\/2023-05-25_084532-252x300.jpg 252w\" sizes=\"auto, (max-width: 680px) 100vw, 680px\" \/><\/a>\n\t\t\t<\/div>\n\t\t\t\t<figcaption class='wp-caption-text gallery-caption' id='gallery-1-287'>\n\t\t\t\tAnnyire primit\u00edvnek kell lenni ahhoz,hogy egy szaros sz\u00e9kkel h\u00fcly\u00e9re vegyenek&#8230;\n\t\t\t\t<\/figcaption><\/figure><figure class='gallery-item'>\n\t\t\t<div class='gallery-icon portrait'>\n\t\t\t\t<a href='https:\/\/imrus.synology.me\/fraudsters\/wp-content\/uploads\/2023\/08\/2023-05-27_211056.jpg'><img loading=\"lazy\" decoding=\"async\" width=\"680\" height=\"796\" src=\"https:\/\/imrus.synology.me\/fraudsters\/wp-content\/uploads\/2023\/08\/2023-05-27_211056.jpg\" class=\"attachment-full size-full\" alt=\"\" srcset=\"https:\/\/imrus.synology.me\/fraudsters\/wp-content\/uploads\/2023\/08\/2023-05-27_211056.jpg 680w, https:\/\/imrus.synology.me\/fraudsters\/wp-content\/uploads\/2023\/08\/2023-05-27_211056-256x300.jpg 256w\" sizes=\"auto, (max-width: 680px) 100vw, 680px\" \/><\/a>\n\t\t\t<\/div><\/figure><figure class='gallery-item'>\n\t\t\t<div class='gallery-icon portrait'>\n\t\t\t\t<a href='https:\/\/imrus.synology.me\/fraudsters\/wp-content\/uploads\/2023\/08\/2023-06-03_192921.jpg'><img loading=\"lazy\" decoding=\"async\" width=\"681\" height=\"830\" src=\"https:\/\/imrus.synology.me\/fraudsters\/wp-content\/uploads\/2023\/08\/2023-06-03_192921.jpg\" class=\"attachment-full size-full\" alt=\"\" srcset=\"https:\/\/imrus.synology.me\/fraudsters\/wp-content\/uploads\/2023\/08\/2023-06-03_192921.jpg 681w, https:\/\/imrus.synology.me\/fraudsters\/wp-content\/uploads\/2023\/08\/2023-06-03_192921-246x300.jpg 246w\" sizes=\"auto, (max-width: 681px) 100vw, 681px\" \/><\/a>\n\t\t\t<\/div><\/figure><figure class='gallery-item'>\n\t\t\t<div class='gallery-icon portrait'>\n\t\t\t\t<a href='https:\/\/imrus.synology.me\/fraudsters\/wp-content\/uploads\/2023\/08\/2023-06-12_190114.jpg'><img loading=\"lazy\" decoding=\"async\" width=\"688\" height=\"810\" src=\"https:\/\/imrus.synology.me\/fraudsters\/wp-content\/uploads\/2023\/08\/2023-06-12_190114.jpg\" class=\"attachment-full size-full\" alt=\"\" srcset=\"https:\/\/imrus.synology.me\/fraudsters\/wp-content\/uploads\/2023\/08\/2023-06-12_190114.jpg 688w, https:\/\/imrus.synology.me\/fraudsters\/wp-content\/uploads\/2023\/08\/2023-06-12_190114-255x300.jpg 255w\" sizes=\"auto, (max-width: 688px) 100vw, 688px\" \/><\/a>\n\t\t\t<\/div><\/figure>\n\t\t<\/div>\n\n<p>Azt tudni kell (b\u00e1r hi\u00e1ba pof\u00e1zom mindenhol), hogy a facebookon megjelen\u0151 hirdet\u00e9sekre nem szabad kattintani, legyen az b\u00e1rmi. Nem szabad bed\u0151lni semminek sem, ak\u00e1rmilyen olcs\u00f3, ak\u00e1rmilyen cs\u00e1b\u00edt\u00f3. A facebook a csal\u00f3k meleg\u00e1gya.<\/p>\n<div class=\"pvc_clear\"><\/div>\n<p id=\"pvc_stats_383\" class=\"pvc_stats total_only  \" data-element-id=\"383\" style=\"\"><i class=\"pvc-stats-icon small\" aria-hidden=\"true\"><svg xmlns=\"http:\/\/www.w3.org\/2000\/svg\" version=\"1.0\" viewBox=\"0 0 502 315\" preserveAspectRatio=\"xMidYMid meet\"><g transform=\"translate(0,332) scale(0.1,-0.1)\" fill=\"\" stroke=\"none\"><path d=\"M2394 3279 l-29 -30 -3 -207 c-2 -182 0 -211 15 -242 39 -76 157 -76 196 0 15 31 17 60 15 243 l-3 209 -33 29 c-26 23 -41 29 -80 29 -41 0 -53 -5 -78 -31z\"\/><path d=\"M3085 3251 c-45 -19 -58 -50 -96 -229 -47 -217 -49 -260 -13 -295 52 -53 146 -42 177 20 16 31 87 366 87 410 0 70 -86 122 -155 94z\"\/><path d=\"M1751 3234 c-13 -9 -29 -31 -37 -50 -12 -29 -10 -49 21 -204 19 -94 39 -189 45 -210 14 -50 54 -80 110 -80 34 0 48 6 76 34 21 21 34 44 34 59 0 14 -18 113 -40 219 -37 178 -43 195 -70 221 -36 32 -101 37 -139 11z\"\/><path d=\"M1163 3073 c-36 -7 -73 -59 -73 -102 0 -56 133 -378 171 -413 34 -32 83 -37 129 -13 70 36 67 87 -16 290 -86 209 -89 214 -129 231 -35 14 -42 15 -82 7z\"\/><path d=\"M3689 3066 c-15 -9 -33 -30 -42 -48 -48 -103 -147 -355 -147 -375 0 -98 131 -148 192 -74 13 15 57 108 97 206 80 196 84 226 37 273 -30 30 -99 39 -137 18z\"\/><path d=\"M583 2784 c-38 -19 -67 -74 -58 -113 9 -42 211 -354 242 -373 16 -10 45 -18 66 -18 51 0 107 52 107 100 0 39 -1 41 -124 234 -80 126 -108 162 -133 173 -41 17 -61 16 -100 -3z\"\/><path d=\"M4250 2784 c-14 -9 -74 -91 -133 -183 -95 -150 -107 -173 -107 -213 0 -55 33 -94 87 -104 67 -13 90 8 211 198 130 202 137 225 78 284 -27 27 -42 34 -72 34 -22 0 -50 -8 -64 -16z\"\/><path d=\"M2275 2693 c-553 -48 -1095 -270 -1585 -649 -135 -104 -459 -423 -483 -476 -23 -49 -22 -139 2 -186 73 -142 361 -457 571 -626 285 -228 642 -407 990 -497 242 -63 336 -73 660 -74 310 0 370 5 595 52 535 111 1045 392 1455 803 122 121 250 273 275 326 19 41 19 137 0 174 -41 79 -309 363 -465 492 -447 370 -946 591 -1479 653 -113 14 -422 18 -536 8z m395 -428 c171 -34 330 -124 456 -258 112 -119 167 -219 211 -378 27 -96 24 -300 -5 -401 -72 -255 -236 -447 -474 -557 -132 -62 -201 -76 -368 -76 -167 0 -236 14 -368 76 -213 98 -373 271 -451 485 -162 444 86 934 547 1084 153 49 292 57 452 25z m909 -232 c222 -123 408 -262 593 -441 76 -74 138 -139 138 -144 0 -16 -233 -242 -330 -319 -155 -123 -309 -223 -461 -299 l-81 -41 32 46 c18 26 49 83 70 128 143 306 141 649 -6 957 -25 52 -61 116 -79 142 l-34 47 45 -20 c26 -10 76 -36 113 -56z m-2057 25 c-40 -58 -105 -190 -130 -263 -110 -324 -59 -707 132 -981 25 -35 42 -64 37 -64 -19 0 -241 119 -326 174 -188 122 -406 314 -532 468 l-58 71 108 103 c185 178 428 349 672 473 66 33 121 60 123 61 2 0 -10 -19 -26 -42z\"\/><path d=\"M2375 1950 c-198 -44 -350 -190 -395 -379 -18 -76 -8 -221 19 -290 114 -284 457 -406 731 -260 98 52 188 154 231 260 27 69 37 214 19 290 -38 163 -166 304 -326 360 -67 23 -215 33 -279 19z\"\/><\/g><\/svg><\/i> <img loading=\"lazy\" decoding=\"async\" width=\"16\" height=\"16\" alt=\"Loading\" src=\"https:\/\/imrus.synology.me\/fraudsters\/wp-content\/plugins\/page-views-count\/ajax-loader-2x.gif\" border=0 \/><\/p>\n<div class=\"pvc_clear\"><\/div>\n<div class=\"fcbkbttn_buttons_block\" id=\"fcbkbttn_left\"><div class=\"fb-share-button fcbkbttn_large_button \" data-href=\"https:\/\/imrus.synology.me\/fraudsters\/ezek-mind-csalok\/\" data-type=\"box_count\" data-size=\"large\"><\/div><\/div><div class=\"pld-like-dislike-wrap pld-template-1\">\r\n    <div class=\"pld-like-wrap  pld-common-wrap\">\r\n    <a href=\"javascript:void(0)\" class=\"pld-like-trigger pld-like-dislike-trigger  \" title=\"Tetszik\" data-post-id=\"383\" data-trigger-type=\"like\" data-restriction=\"cookie\" data-already-liked=\"0\">\r\n                        <i class=\"fas fa-thumbs-up\"><\/i>\r\n                <\/a>\r\n    <span class=\"pld-like-count-wrap pld-count-wrap\">    <\/span>\r\n<\/div><\/div>","protected":false},"excerpt":{"rendered":"<p>Mi\u00e9rt csal\u00f3k? Nem az a csal\u00f3 akit a kattint\u00e1sok v\u00e9g\u00e9n l\u00e1tsz. Hanem a k\u00f6ztes oldal, ami t\u00f6k felesleges. P\u00e9ld\u00e1ul a&#8230;<\/p>\n<div class=\"pvc_clear\"><\/div>\n<p id=\"pvc_stats_383\" class=\"pvc_stats total_only  \" data-element-id=\"383\" style=\"\"><i class=\"pvc-stats-icon small\" aria-hidden=\"true\"><svg xmlns=\"http:\/\/www.w3.org\/2000\/svg\" version=\"1.0\" viewBox=\"0 0 502 315\" preserveAspectRatio=\"xMidYMid meet\"><g transform=\"translate(0,332) scale(0.1,-0.1)\" fill=\"\" stroke=\"none\"><path d=\"M2394 3279 l-29 -30 -3 -207 c-2 -182 0 -211 15 -242 39 -76 157 -76 196 0 15 31 17 60 15 243 l-3 209 -33 29 c-26 23 -41 29 -80 29 -41 0 -53 -5 -78 -31z\"\/><path d=\"M3085 3251 c-45 -19 -58 -50 -96 -229 -47 -217 -49 -260 -13 -295 52 -53 146 -42 177 20 16 31 87 366 87 410 0 70 -86 122 -155 94z\"\/><path d=\"M1751 3234 c-13 -9 -29 -31 -37 -50 -12 -29 -10 -49 21 -204 19 -94 39 -189 45 -210 14 -50 54 -80 110 -80 34 0 48 6 76 34 21 21 34 44 34 59 0 14 -18 113 -40 219 -37 178 -43 195 -70 221 -36 32 -101 37 -139 11z\"\/><path d=\"M1163 3073 c-36 -7 -73 -59 -73 -102 0 -56 133 -378 171 -413 34 -32 83 -37 129 -13 70 36 67 87 -16 290 -86 209 -89 214 -129 231 -35 14 -42 15 -82 7z\"\/><path d=\"M3689 3066 c-15 -9 -33 -30 -42 -48 -48 -103 -147 -355 -147 -375 0 -98 131 -148 192 -74 13 15 57 108 97 206 80 196 84 226 37 273 -30 30 -99 39 -137 18z\"\/><path d=\"M583 2784 c-38 -19 -67 -74 -58 -113 9 -42 211 -354 242 -373 16 -10 45 -18 66 -18 51 0 107 52 107 100 0 39 -1 41 -124 234 -80 126 -108 162 -133 173 -41 17 -61 16 -100 -3z\"\/><path d=\"M4250 2784 c-14 -9 -74 -91 -133 -183 -95 -150 -107 -173 -107 -213 0 -55 33 -94 87 -104 67 -13 90 8 211 198 130 202 137 225 78 284 -27 27 -42 34 -72 34 -22 0 -50 -8 -64 -16z\"\/><path d=\"M2275 2693 c-553 -48 -1095 -270 -1585 -649 -135 -104 -459 -423 -483 -476 -23 -49 -22 -139 2 -186 73 -142 361 -457 571 -626 285 -228 642 -407 990 -497 242 -63 336 -73 660 -74 310 0 370 5 595 52 535 111 1045 392 1455 803 122 121 250 273 275 326 19 41 19 137 0 174 -41 79 -309 363 -465 492 -447 370 -946 591 -1479 653 -113 14 -422 18 -536 8z m395 -428 c171 -34 330 -124 456 -258 112 -119 167 -219 211 -378 27 -96 24 -300 -5 -401 -72 -255 -236 -447 -474 -557 -132 -62 -201 -76 -368 -76 -167 0 -236 14 -368 76 -213 98 -373 271 -451 485 -162 444 86 934 547 1084 153 49 292 57 452 25z m909 -232 c222 -123 408 -262 593 -441 76 -74 138 -139 138 -144 0 -16 -233 -242 -330 -319 -155 -123 -309 -223 -461 -299 l-81 -41 32 46 c18 26 49 83 70 128 143 306 141 649 -6 957 -25 52 -61 116 -79 142 l-34 47 45 -20 c26 -10 76 -36 113 -56z m-2057 25 c-40 -58 -105 -190 -130 -263 -110 -324 -59 -707 132 -981 25 -35 42 -64 37 -64 -19 0 -241 119 -326 174 -188 122 -406 314 -532 468 l-58 71 108 103 c185 178 428 349 672 473 66 33 121 60 123 61 2 0 -10 -19 -26 -42z\"\/><path d=\"M2375 1950 c-198 -44 -350 -190 -395 -379 -18 -76 -8 -221 19 -290 114 -284 457 -406 731 -260 98 52 188 154 231 260 27 69 37 214 19 290 -38 163 -166 304 -326 360 -67 23 -215 33 -279 19z\"\/><\/g><\/svg><\/i> <img loading=\"lazy\" decoding=\"async\" width=\"16\" height=\"16\" alt=\"Loading\" src=\"https:\/\/imrus.synology.me\/fraudsters\/wp-content\/plugins\/page-views-count\/ajax-loader-2x.gif\" border=0 \/><\/p>\n<div class=\"pvc_clear\"><\/div>\n<div class=\"fcbkbttn_buttons_block\" id=\"fcbkbttn_left\"><div class=\"fb-share-button fcbkbttn_large_button \" data-href=\"https:\/\/imrus.synology.me\/fraudsters\/ezek-mind-csalok\/\" data-type=\"box_count\" data-size=\"large\"><\/div><\/div>","protected":false},"author":1,"featured_media":280,"parent":0,"menu_order":0,"comment_status":"closed","ping_status":"closed","template":"","meta":{"_seopress_robots_primary_cat":"","_seopress_titles_title":"","_seopress_titles_desc":"","_seopress_robots_index":"","pgc_sgb_lightbox_settings":"","footnotes":""},"class_list":["post-383","page","type-page","status-publish","has-post-thumbnail","hentry"],"a3_pvc":{"activated":true,"total_views":25,"today_views":0},"_links":{"self":[{"href":"https:\/\/imrus.synology.me\/fraudsters\/wp-json\/wp\/v2\/pages\/383","targetHints":{"allow":["GET"]}}],"collection":[{"href":"https:\/\/imrus.synology.me\/fraudsters\/wp-json\/wp\/v2\/pages"}],"about":[{"href":"https:\/\/imrus.synology.me\/fraudsters\/wp-json\/wp\/v2\/types\/page"}],"author":[{"embeddable":true,"href":"https:\/\/imrus.synology.me\/fraudsters\/wp-json\/wp\/v2\/users\/1"}],"replies":[{"embeddable":true,"href":"https:\/\/imrus.synology.me\/fraudsters\/wp-json\/wp\/v2\/comments?post=383"}],"version-history":[{"count":5,"href":"https:\/\/imrus.synology.me\/fraudsters\/wp-json\/wp\/v2\/pages\/383\/revisions"}],"predecessor-version":[{"id":1109,"href":"https:\/\/imrus.synology.me\/fraudsters\/wp-json\/wp\/v2\/pages\/383\/revisions\/1109"}],"wp:featuredmedia":[{"embeddable":true,"href":"https:\/\/imrus.synology.me\/fraudsters\/wp-json\/wp\/v2\/media\/280"}],"wp:attachment":[{"href":"https:\/\/imrus.synology.me\/fraudsters\/wp-json\/wp\/v2\/media?parent=383"}],"curies":[{"name":"wp","href":"https:\/\/api.w.org\/{rel}","templated":true}]}}