{"id":802,"date":"2024-05-07T16:11:38","date_gmt":"2024-05-07T14:11:38","guid":{"rendered":"https:\/\/imrus.synology.me\/fraudsters\/?page_id=802"},"modified":"2024-05-07T16:18:06","modified_gmt":"2024-05-07T14:18:06","slug":"ennyire-hiszekenyek-vagyunk","status":"publish","type":"page","link":"https:\/\/imrus.synology.me\/fraudsters\/ennyire-hiszekenyek-vagyunk\/","title":{"rendered":"Ennyire hisz\u00e9kenyek vagyunk?"},"content":{"rendered":"<p>A Greater Idaho Falls Science Fair verseny\u00e9n tavasszal els\u00f4 d\u00edjat nyert egy egyetemi hallgat\u00f3, aki megpr\u00f3b\u00e1lta megmutatni, milyen k\u00f6nnyen bed\u00f4l\u00fcnk a tudom\u00e1nyos k\u00f6nt\u00f6sbe burkolt, k\u00f6rnyezeti \u00e1rtalmakkal fenyeget\u00f4 sz\u00f6vegeknek. A fiatalember egy pet\u00edci\u00f3hoz gy\u00fbjt\u00f6tt al\u00e1\u00edr\u00e1sokat, amelyben a &#8222;dihidrog\u00e9n-monoxid&#8221; nev\u00fb vegyszer szigor\u00fa ellen\u00f4rz\u00e9s\u00e9t vagy teljes betilt\u00e1s\u00e1t k\u00f6vetelte. Hiszen az anyag &#8211; t\u00f6bbek k\u00f6z\u00f6tt &#8211; t\u00falzott izzad\u00e1st, h\u00e1ny\u00e1st okozhat, a savas es\u00f4 f\u00f4 komponense, g\u00e1z \u00e1llapotban s\u00falyos \u00e9g\u00e9st id\u00e9zhet el\u00f4, hozz\u00e1j\u00e1rul az er\u00f3zi\u00f3hoz.<\/p>\n<p>A p\u00e1ly\u00e1z\u00f3 \u00f6tven embert k\u00e9rdezett meg, hogy t\u00e1mogatn\u00e1-e a vegyszer betilt\u00e1s\u00e1t. Negyvenh\u00e1rom igennel v\u00e1laszolt, hat nem tudott d\u00f6nteni, \u00e9s csak egy j\u00f6tt r\u00e1, hogy a dihidrog\u00e9n-monoxid egyszer\u00fben v\u00edz.<\/p>\n<p>&nbsp;<\/p>\n<hr width=\"100%\" \/>\n<p>&nbsp;<\/p>\n<p><center><b>TILTS\u00c1K BE A DIHIDROG\u00c9N-MONOXIDOT!<\/b><\/center><center><b>A L\u00c1THATATLAN GYILKOS<\/b><\/center>A dihidrog\u00e9n-monoxid sz\u00edntelen, szagtalan, \u00edztelen, \u00e9s ezreket puszt\u00edt el minden \u00e9vben! A hal\u00e1lt legt\u00f6bbsz\u00f6r az okozza, hogy a DHMO v\u00e9letlen\u00fcl a t\u00fcd\u00f4be ker\u00fcl, de ezzel a dihidrog\u00e9n-monoxid \u00e1rtalmai kor\u00e1ntsem mer\u00fcltek ki. Abban a testr\u00e9szben, amelyik hosszan \u00e9rintkezik a szil\u00e1rd DHMO-val, s\u00falyos sz\u00f6vetk\u00e1rosod\u00e1s j\u00f6het l\u00e9tre. Ha a DHMO\u00a0az em\u00e9szt\u00f4rendszerbe jut, t\u00falzott izzad\u00e1s \u00e9s vizeletkiv\u00e1laszt\u00e1s k\u00f6vetkezhet be, de felf\u00fav\u00f3d\u00e1s, h\u00e1nyinger, h\u00e1ny\u00e1s is el\u00f4fordulhat. A DHMO-dependencia kialakul\u00e1sa ut\u00e1n a szer megvon\u00e1sa biztos hal\u00e1lt jelent.<\/p>\n<p>A dihidrog\u00e9n-monoxid<\/p>\n<ul>\n<li>savk\u00e9nt is ismert, \u00e9s a savas es\u00f4 f\u00f4 komponense,<\/li>\n<li>hozz\u00e1j\u00e1rul az \u00fcvegh\u00e1zhat\u00e1shoz,<\/li>\n<li>s\u00falyos \u00e9g\u00e9st okozhat,<\/li>\n<li>hozz\u00e1j\u00e1rul term\u00e9szeti k\u00f6rnyezet\u00fcnk er\u00f3zi\u00f3j\u00e1hoz,<\/li>\n<li>sz\u00e1mos f\u00e9m korr\u00f3zi\u00f3j\u00e1t, rozsd\u00e1sod\u00e1s\u00e1t sietteti,<\/li>\n<li>hib\u00e1t okozhat az \u00e1ramszolg\u00e1ltat\u00e1sban, rontja az aut\u00f3k f\u00e9khat\u00e1s\u00e1t,<\/li>\n<li>r\u00e1kos daganatokban is kimutathat\u00f3.<\/li>\n<\/ul>\n<p><center><b>A SZENNYEZ\u00c9S J\u00c1RV\u00c1NYSZER\u00db M\u00c9RETEKET \u00d6LT!<\/b><\/center>Amerika szinte minden foly\u00f3j\u00e1ban, tav\u00e1ban, medenc\u00e9j\u00e9ben megtal\u00e1lhat\u00f3 ma a dihidrog\u00e9n-monoxid. De a szennyez\u00e9s az eg\u00e9sz F\u00f6ldre kiterjed, \u00e9s az antarktiszi j\u00e9gtakar\u00f3t is el\u00e9rte. A DHMO t\u00f6bb milli\u00f3 doll\u00e1ros k\u00e1rt okozott a K\u00f6z\u00e9p-Nyugaton \u00e9s nemr\u00e9g Kaliforni\u00e1ban is!<\/p>\n<p>A vesz\u00e9ly ellen\u00e9re a dihidrog\u00e9n-monoxidot felhaszn\u00e1lj\u00e1k<\/p>\n<ul>\n<li>ipari old\u00f3szerk\u00e9nt \u00e9s h\u00fbt\u00f4anyagk\u00e9nt,<\/li>\n<li>atomer\u00f4m\u00fbvekben,<\/li>\n<li>poliuret\u00e1n hab gy\u00e1rt\u00e1s\u00e1hoz,<\/li>\n<li>t\u00fbzolt\u00e1shoz,<\/li>\n<li>k\u00fcl\u00f6nb\u00f6z\u00f4 kegyetlen \u00e1llatk\u00eds\u00e9rletekben,<\/li>\n<li>a rovarirt\u00f3k permetez\u00e9s\u00e9hez,<\/li>\n<li>a gyors\u00e9ttermek egyes k\u00e9sz\u00edtm\u00e9nyeihez \u00e9s m\u00e1s \u00e9lelmiszerekhez.<\/li>\n<\/ul>\n<p>A gy\u00e1rak a szennyezett DHMO-t a foly\u00f3kba \u00e9s a tengerekbe engedik, \u00e9s semmi sem \u00e1ll\u00edthatja meg \u00f4ket, mert az elj\u00e1r\u00e1suk m\u00e9g mindig t\u00f6rv\u00e9nyes. A\u00a0DHMO \u00f3ri\u00e1si hat\u00e1st fejt ki az \u00e9l\u00f4vil\u00e1gra. Ezt nem t\u00fbrhetj\u00fck tov\u00e1bb sz\u00f3 n\u00e9lk\u00fcl!<\/p>\n<p><center><b>\u00c1LLJUK \u00daTJ\u00c1T A BORZALOMNAK!<\/b><\/center>Az amerikai korm\u00e1ny az\u00e9rt nem tiltja be ennek a k\u00e1ros vegyszernek a termel\u00e9s\u00e9t, eloszt\u00e1s\u00e1t \u00e9s felhaszn\u00e1l\u00e1s\u00e1t, mert gazdas\u00e1gi szempontb\u00f3l hasznos a nemzetnek. A haditenger\u00e9szet \u00e9s m\u00e1s katonai szervezetek is k\u00eds\u00e9rleteket folytatnak a DHMO-val, \u00e9s t\u00f6bb milli\u00e1rd doll\u00e1ros berendez\u00e9seket terveznek h\u00e1bor\u00fas hasznos\u00edt\u00e1s\u00e1ra. T\u00f6bb sz\u00e1z katonai kutat\u00f3int\u00e9zetbe bonyolult, f\u00f6ld alatti h\u00e1l\u00f3zaton \u00e9rkezik tonnasz\u00e1m a DHMO. Sok int\u00e9zm\u00e9ny nagy mennyis\u00e9get t\u00e1rol k\u00e9s\u00f4bbi felhaszn\u00e1l\u00e1s c\u00e9lj\u00e1ra.<\/p>\n<p><center><b>M\u00c9G\u00a0NEM\u00a0K\u00c9S\u00d4!<\/b><\/center>Cselekedj\u00fcnk MOST, hogy az \u00fajabb szennyez\u00f4d\u00e9st megakad\u00e1lyozzuk! Tudjunk meg t\u00f6bbet err\u00f4l a vesz\u00e9lyes vegyszerr\u00f4l!<\/p>\n<p>A tudatlans\u00e1g \u00f6nmagunknak \u00e9s embert\u00e1rsainknak is \u00e1rthat!<\/p>\n<div align=\"right\">\n<p><i>Sz\u00f6vets\u00e9g a DHMO betilt\u00e1s\u00e1\u00e9rt<\/i><\/p>\n<hr \/>\n<\/div>\n<div align=\"right\">\n<p style=\"text-align: left;\">Egy az egyben \u00e1tv\u00e9ve: <a href=\"https:\/\/www.kfki.hu\/~cheminfo\/hun\/teazo\/dhmo.html\" target=\"_blank\" rel=\"noopener\">https:\/\/www.kfki.hu\/~cheminfo\/hun\/teazo\/dhmo.html<\/a><\/p>\n<\/div>\n<div class=\"pvc_clear\"><\/div>\n<p id=\"pvc_stats_802\" class=\"pvc_stats total_only  \" data-element-id=\"802\" style=\"\"><i class=\"pvc-stats-icon small\" aria-hidden=\"true\"><svg xmlns=\"http:\/\/www.w3.org\/2000\/svg\" version=\"1.0\" viewBox=\"0 0 502 315\" preserveAspectRatio=\"xMidYMid meet\"><g transform=\"translate(0,332) scale(0.1,-0.1)\" fill=\"\" stroke=\"none\"><path d=\"M2394 3279 l-29 -30 -3 -207 c-2 -182 0 -211 15 -242 39 -76 157 -76 196 0 15 31 17 60 15 243 l-3 209 -33 29 c-26 23 -41 29 -80 29 -41 0 -53 -5 -78 -31z\"\/><path d=\"M3085 3251 c-45 -19 -58 -50 -96 -229 -47 -217 -49 -260 -13 -295 52 -53 146 -42 177 20 16 31 87 366 87 410 0 70 -86 122 -155 94z\"\/><path d=\"M1751 3234 c-13 -9 -29 -31 -37 -50 -12 -29 -10 -49 21 -204 19 -94 39 -189 45 -210 14 -50 54 -80 110 -80 34 0 48 6 76 34 21 21 34 44 34 59 0 14 -18 113 -40 219 -37 178 -43 195 -70 221 -36 32 -101 37 -139 11z\"\/><path d=\"M1163 3073 c-36 -7 -73 -59 -73 -102 0 -56 133 -378 171 -413 34 -32 83 -37 129 -13 70 36 67 87 -16 290 -86 209 -89 214 -129 231 -35 14 -42 15 -82 7z\"\/><path d=\"M3689 3066 c-15 -9 -33 -30 -42 -48 -48 -103 -147 -355 -147 -375 0 -98 131 -148 192 -74 13 15 57 108 97 206 80 196 84 226 37 273 -30 30 -99 39 -137 18z\"\/><path d=\"M583 2784 c-38 -19 -67 -74 -58 -113 9 -42 211 -354 242 -373 16 -10 45 -18 66 -18 51 0 107 52 107 100 0 39 -1 41 -124 234 -80 126 -108 162 -133 173 -41 17 -61 16 -100 -3z\"\/><path d=\"M4250 2784 c-14 -9 -74 -91 -133 -183 -95 -150 -107 -173 -107 -213 0 -55 33 -94 87 -104 67 -13 90 8 211 198 130 202 137 225 78 284 -27 27 -42 34 -72 34 -22 0 -50 -8 -64 -16z\"\/><path d=\"M2275 2693 c-553 -48 -1095 -270 -1585 -649 -135 -104 -459 -423 -483 -476 -23 -49 -22 -139 2 -186 73 -142 361 -457 571 -626 285 -228 642 -407 990 -497 242 -63 336 -73 660 -74 310 0 370 5 595 52 535 111 1045 392 1455 803 122 121 250 273 275 326 19 41 19 137 0 174 -41 79 -309 363 -465 492 -447 370 -946 591 -1479 653 -113 14 -422 18 -536 8z m395 -428 c171 -34 330 -124 456 -258 112 -119 167 -219 211 -378 27 -96 24 -300 -5 -401 -72 -255 -236 -447 -474 -557 -132 -62 -201 -76 -368 -76 -167 0 -236 14 -368 76 -213 98 -373 271 -451 485 -162 444 86 934 547 1084 153 49 292 57 452 25z m909 -232 c222 -123 408 -262 593 -441 76 -74 138 -139 138 -144 0 -16 -233 -242 -330 -319 -155 -123 -309 -223 -461 -299 l-81 -41 32 46 c18 26 49 83 70 128 143 306 141 649 -6 957 -25 52 -61 116 -79 142 l-34 47 45 -20 c26 -10 76 -36 113 -56z m-2057 25 c-40 -58 -105 -190 -130 -263 -110 -324 -59 -707 132 -981 25 -35 42 -64 37 -64 -19 0 -241 119 -326 174 -188 122 -406 314 -532 468 l-58 71 108 103 c185 178 428 349 672 473 66 33 121 60 123 61 2 0 -10 -19 -26 -42z\"\/><path d=\"M2375 1950 c-198 -44 -350 -190 -395 -379 -18 -76 -8 -221 19 -290 114 -284 457 -406 731 -260 98 52 188 154 231 260 27 69 37 214 19 290 -38 163 -166 304 -326 360 -67 23 -215 33 -279 19z\"\/><\/g><\/svg><\/i> <img loading=\"lazy\" decoding=\"async\" width=\"16\" height=\"16\" alt=\"Loading\" src=\"https:\/\/imrus.synology.me\/fraudsters\/wp-content\/plugins\/page-views-count\/ajax-loader-2x.gif\" border=0 \/><\/p>\n<div class=\"pvc_clear\"><\/div>\n<div class=\"fcbkbttn_buttons_block\" id=\"fcbkbttn_left\"><div class=\"fb-share-button fcbkbttn_large_button \" data-href=\"https:\/\/imrus.synology.me\/fraudsters\/ennyire-hiszekenyek-vagyunk\/\" data-type=\"box_count\" data-size=\"large\"><\/div><\/div><div class=\"pld-like-dislike-wrap pld-template-1\">\r\n    <div class=\"pld-like-wrap  pld-common-wrap\">\r\n    <a href=\"javascript:void(0)\" class=\"pld-like-trigger pld-like-dislike-trigger  \" title=\"Tetszik\" data-post-id=\"802\" data-trigger-type=\"like\" data-restriction=\"cookie\" data-already-liked=\"0\">\r\n                        <i class=\"fas fa-thumbs-up\"><\/i>\r\n                <\/a>\r\n    <span class=\"pld-like-count-wrap pld-count-wrap\">1    <\/span>\r\n<\/div><\/div>","protected":false},"excerpt":{"rendered":"<p>A Greater Idaho Falls Science Fair verseny\u00e9n tavasszal els\u00f4 d\u00edjat nyert egy egyetemi hallgat\u00f3, aki megpr\u00f3b\u00e1lta megmutatni, milyen k\u00f6nnyen bed\u00f4l\u00fcnk&#8230;<\/p>\n<div class=\"pvc_clear\"><\/div>\n<p id=\"pvc_stats_802\" class=\"pvc_stats total_only  \" data-element-id=\"802\" style=\"\"><i class=\"pvc-stats-icon small\" aria-hidden=\"true\"><svg xmlns=\"http:\/\/www.w3.org\/2000\/svg\" version=\"1.0\" viewBox=\"0 0 502 315\" preserveAspectRatio=\"xMidYMid meet\"><g transform=\"translate(0,332) scale(0.1,-0.1)\" fill=\"\" stroke=\"none\"><path d=\"M2394 3279 l-29 -30 -3 -207 c-2 -182 0 -211 15 -242 39 -76 157 -76 196 0 15 31 17 60 15 243 l-3 209 -33 29 c-26 23 -41 29 -80 29 -41 0 -53 -5 -78 -31z\"\/><path d=\"M3085 3251 c-45 -19 -58 -50 -96 -229 -47 -217 -49 -260 -13 -295 52 -53 146 -42 177 20 16 31 87 366 87 410 0 70 -86 122 -155 94z\"\/><path d=\"M1751 3234 c-13 -9 -29 -31 -37 -50 -12 -29 -10 -49 21 -204 19 -94 39 -189 45 -210 14 -50 54 -80 110 -80 34 0 48 6 76 34 21 21 34 44 34 59 0 14 -18 113 -40 219 -37 178 -43 195 -70 221 -36 32 -101 37 -139 11z\"\/><path d=\"M1163 3073 c-36 -7 -73 -59 -73 -102 0 -56 133 -378 171 -413 34 -32 83 -37 129 -13 70 36 67 87 -16 290 -86 209 -89 214 -129 231 -35 14 -42 15 -82 7z\"\/><path d=\"M3689 3066 c-15 -9 -33 -30 -42 -48 -48 -103 -147 -355 -147 -375 0 -98 131 -148 192 -74 13 15 57 108 97 206 80 196 84 226 37 273 -30 30 -99 39 -137 18z\"\/><path d=\"M583 2784 c-38 -19 -67 -74 -58 -113 9 -42 211 -354 242 -373 16 -10 45 -18 66 -18 51 0 107 52 107 100 0 39 -1 41 -124 234 -80 126 -108 162 -133 173 -41 17 -61 16 -100 -3z\"\/><path d=\"M4250 2784 c-14 -9 -74 -91 -133 -183 -95 -150 -107 -173 -107 -213 0 -55 33 -94 87 -104 67 -13 90 8 211 198 130 202 137 225 78 284 -27 27 -42 34 -72 34 -22 0 -50 -8 -64 -16z\"\/><path d=\"M2275 2693 c-553 -48 -1095 -270 -1585 -649 -135 -104 -459 -423 -483 -476 -23 -49 -22 -139 2 -186 73 -142 361 -457 571 -626 285 -228 642 -407 990 -497 242 -63 336 -73 660 -74 310 0 370 5 595 52 535 111 1045 392 1455 803 122 121 250 273 275 326 19 41 19 137 0 174 -41 79 -309 363 -465 492 -447 370 -946 591 -1479 653 -113 14 -422 18 -536 8z m395 -428 c171 -34 330 -124 456 -258 112 -119 167 -219 211 -378 27 -96 24 -300 -5 -401 -72 -255 -236 -447 -474 -557 -132 -62 -201 -76 -368 -76 -167 0 -236 14 -368 76 -213 98 -373 271 -451 485 -162 444 86 934 547 1084 153 49 292 57 452 25z m909 -232 c222 -123 408 -262 593 -441 76 -74 138 -139 138 -144 0 -16 -233 -242 -330 -319 -155 -123 -309 -223 -461 -299 l-81 -41 32 46 c18 26 49 83 70 128 143 306 141 649 -6 957 -25 52 -61 116 -79 142 l-34 47 45 -20 c26 -10 76 -36 113 -56z m-2057 25 c-40 -58 -105 -190 -130 -263 -110 -324 -59 -707 132 -981 25 -35 42 -64 37 -64 -19 0 -241 119 -326 174 -188 122 -406 314 -532 468 l-58 71 108 103 c185 178 428 349 672 473 66 33 121 60 123 61 2 0 -10 -19 -26 -42z\"\/><path d=\"M2375 1950 c-198 -44 -350 -190 -395 -379 -18 -76 -8 -221 19 -290 114 -284 457 -406 731 -260 98 52 188 154 231 260 27 69 37 214 19 290 -38 163 -166 304 -326 360 -67 23 -215 33 -279 19z\"\/><\/g><\/svg><\/i> <img loading=\"lazy\" decoding=\"async\" width=\"16\" height=\"16\" alt=\"Loading\" src=\"https:\/\/imrus.synology.me\/fraudsters\/wp-content\/plugins\/page-views-count\/ajax-loader-2x.gif\" border=0 \/><\/p>\n<div class=\"pvc_clear\"><\/div>\n<div class=\"fcbkbttn_buttons_block\" id=\"fcbkbttn_left\"><div class=\"fb-share-button fcbkbttn_large_button \" data-href=\"https:\/\/imrus.synology.me\/fraudsters\/ennyire-hiszekenyek-vagyunk\/\" data-type=\"box_count\" data-size=\"large\"><\/div><\/div>","protected":false},"author":1,"featured_media":808,"parent":0,"menu_order":0,"comment_status":"closed","ping_status":"closed","template":"","meta":{"_seopress_robots_primary_cat":"","_seopress_titles_title":"","_seopress_titles_desc":"","_seopress_robots_index":"","pgc_sgb_lightbox_settings":"","footnotes":""},"class_list":["post-802","page","type-page","status-publish","has-post-thumbnail","hentry"],"a3_pvc":{"activated":true,"total_views":57,"today_views":0},"_links":{"self":[{"href":"https:\/\/imrus.synology.me\/fraudsters\/wp-json\/wp\/v2\/pages\/802","targetHints":{"allow":["GET"]}}],"collection":[{"href":"https:\/\/imrus.synology.me\/fraudsters\/wp-json\/wp\/v2\/pages"}],"about":[{"href":"https:\/\/imrus.synology.me\/fraudsters\/wp-json\/wp\/v2\/types\/page"}],"author":[{"embeddable":true,"href":"https:\/\/imrus.synology.me\/fraudsters\/wp-json\/wp\/v2\/users\/1"}],"replies":[{"embeddable":true,"href":"https:\/\/imrus.synology.me\/fraudsters\/wp-json\/wp\/v2\/comments?post=802"}],"version-history":[{"count":3,"href":"https:\/\/imrus.synology.me\/fraudsters\/wp-json\/wp\/v2\/pages\/802\/revisions"}],"predecessor-version":[{"id":807,"href":"https:\/\/imrus.synology.me\/fraudsters\/wp-json\/wp\/v2\/pages\/802\/revisions\/807"}],"wp:featuredmedia":[{"embeddable":true,"href":"https:\/\/imrus.synology.me\/fraudsters\/wp-json\/wp\/v2\/media\/808"}],"wp:attachment":[{"href":"https:\/\/imrus.synology.me\/fraudsters\/wp-json\/wp\/v2\/media?parent=802"}],"curies":[{"name":"wp","href":"https:\/\/api.w.org\/{rel}","templated":true}]}}